{"id":186,"date":"2021-08-21T14:22:06","date_gmt":"2021-08-21T13:22:06","guid":{"rendered":"https:\/\/ec2-16-171-155-57.eu-north-1.compute.amazonaws.com\/?page_id=186"},"modified":"2021-08-21T14:36:41","modified_gmt":"2021-08-21T13:36:41","slug":"introduktion","status":"publish","type":"page","link":"http:\/\/13.53.185.170\/sv\/introduktion\/","title":{"rendered":"Introduktion"},"content":{"rendered":"\n<p>Vad kul att du \u00e4r intresserad av OKR! Oavsett om denna skrift \u00e4r din f\u00f6rsta kontakt med metoden eller om du \u00e4r p\u00e5l\u00e4st och kanske till och med har praktisk erfarenhet s\u00e5 hoppas jag att du ska finnas n\u00e5got av intresse h\u00e4r.<\/p>\n\n\n\n<p>Som nyfiken ledare var jag l\u00e4nge p\u00e5 jakt efter en metod f\u00f6r m\u00e5lstyrning som inte bara skapade resultat utan som \u00e4ven \u00f6ppnade upp f\u00f6r innovation och kreativitet. N\u00e4r jag f\u00f6r n\u00e5gra \u00e5r sedan uppt\u00e4ckte OKR var det mycket som klickade och jag kan sj\u00e4lv intyga att mitt ledarskap tog ett stort kliv i takt med att jag b\u00f6rjade praktisera metoden.<\/p>\n\n\n\n<p>Med ett par \u00e5rs erfarenhet av att implementera (och leda med) OKR b\u00f6rjade jag \u00e4ven l\u00e4ra ut metoden till andra organisationer. Jag brinner inte bara f\u00f6r de verksamhetsresultat som OKR kan generera &#8211; utan \u00e4ven f\u00f6r kraften i OKR att f\u00e5 medarbetare att uppn\u00e5 sin fulla potential.<\/p>\n\n\n\n<p>Det \u00e4r i denna anda jag tagit fram denna guide &#8211; f\u00f6r att sprida ordet och f\u00e5 fler att se f\u00f6rdelarna med att sl\u00e4ppa loss kraften i sina medarbetare.<\/p>\n\n\n\n<p>Den h\u00e4r guiden \u00e4r uppdelad i tre avsnitt d\u00e4r du i det f\u00f6rsta avsnittet f\u00e5r en f\u00f6rdjupad inblick i grunderna om OKR. Del tv\u00e5 g\u00e5r igenom hur du praktiskt g\u00e5r tillv\u00e4ga f\u00f6r att implementera OKR i din organisation och i del tre f\u00e5r du en chans att f\u00f6rdjupa dina kunskaper inom omr\u00e5det.<\/p>\n\n\n\n<p>Jag hoppas du finner b\u00e5de nytta och n\u00f6je i denna guide.<\/p>\n","protected":false},"excerpt":{"rendered":"<p>Vad kul att du \u00e4r intresserad av OKR! Oavsett om denna skrift \u00e4r din f\u00f6rsta kontakt med metoden eller om du \u00e4r p\u00e5l\u00e4st och kanske till och med har praktisk erfarenhet s\u00e5 hoppas jag att du ska finnas n\u00e5got av intresse h\u00e4r. Som nyfiken ledare var jag l\u00e4nge p\u00e5 jakt efter en metod f\u00f6r m\u00e5lstyrning [&hellip;]<\/p>\n","protected":false},"author":1,"featured_media":0,"parent":0,"menu_order":1,"comment_status":"closed","ping_status":"closed","template":"templates\/page-okr.php","meta":{"footnotes":""},"yoast_head":"<!-- This site is optimized with the Yoast SEO plugin v21.1 - https:\/\/yoast.com\/wordpress\/plugins\/seo\/ -->\n<title>Introduktion - OKR Bridge<\/title>\n<meta name=\"robots\" content=\"index, follow, max-snippet:-1, max-image-preview:large, max-video-preview:-1\" \/>\n<link rel=\"canonical\" href=\"http:\/\/13.53.185.170\/sv\/introduktion\/\" \/>\n<meta property=\"og:locale\" content=\"sv_SE\" \/>\n<meta property=\"og:type\" content=\"article\" \/>\n<meta property=\"og:title\" content=\"Introduktion - OKR Bridge\" \/>\n<meta property=\"og:description\" content=\"Vad kul att du \u00e4r intresserad av OKR! Oavsett om denna skrift \u00e4r din f\u00f6rsta kontakt med metoden eller om du \u00e4r p\u00e5l\u00e4st och kanske till och med har praktisk erfarenhet s\u00e5 hoppas jag att du ska finnas n\u00e5got av intresse h\u00e4r. Som nyfiken ledare var jag l\u00e4nge p\u00e5 jakt efter en metod f\u00f6r m\u00e5lstyrning [&hellip;]\" \/>\n<meta property=\"og:url\" content=\"http:\/\/13.53.185.170\/sv\/introduktion\/\" \/>\n<meta property=\"og:site_name\" content=\"OKR Bridge\" \/>\n<meta property=\"article:publisher\" content=\"https:\/\/www.facebook.com\/Bantero-124067070959819\/\" \/>\n<meta property=\"article:modified_time\" content=\"2021-08-21T13:36:41+00:00\" \/>\n<meta property=\"og:image\" content=\"http:\/\/13.53.185.170\/wp-content\/uploads\/2020\/03\/cover4.jpg\" \/>\n\t<meta property=\"og:image:width\" content=\"744\" \/>\n\t<meta property=\"og:image:height\" content=\"400\" \/>\n\t<meta property=\"og:image:type\" content=\"image\/jpeg\" \/>\n<meta name=\"twitter:card\" content=\"summary_large_image\" \/>\n<meta name=\"twitter:site\" content=\"@webpal\" \/>\n<meta name=\"twitter:label1\" content=\"Est. reading time\" \/>\n\t<meta name=\"twitter:data1\" content=\"1 minute\" \/>\n<script type=\"application\/ld+json\" class=\"yoast-schema-graph\">{\"@context\":\"https:\/\/schema.org\",\"@graph\":[{\"@type\":\"WebPage\",\"@id\":\"http:\/\/13.53.185.170\/sv\/introduktion\/\",\"url\":\"http:\/\/13.53.185.170\/sv\/introduktion\/\",\"name\":\"Introduktion - OKR Bridge\",\"isPartOf\":{\"@id\":\"http:\/\/13.53.185.170\/#website\"},\"datePublished\":\"2021-08-21T13:22:06+00:00\",\"dateModified\":\"2021-08-21T13:36:41+00:00\",\"breadcrumb\":{\"@id\":\"http:\/\/13.53.185.170\/sv\/introduktion\/#breadcrumb\"},\"inLanguage\":\"sv-SE\",\"potentialAction\":[{\"@type\":\"ReadAction\",\"target\":[\"http:\/\/13.53.185.170\/sv\/introduktion\/\"]}]},{\"@type\":\"BreadcrumbList\",\"@id\":\"http:\/\/13.53.185.170\/sv\/introduktion\/#breadcrumb\",\"itemListElement\":[{\"@type\":\"ListItem\",\"position\":1,\"name\":\"Home\",\"item\":\"https:\/\/okrbridge.com\/sv\/\"},{\"@type\":\"ListItem\",\"position\":2,\"name\":\"Introduktion\"}]},{\"@type\":\"WebSite\",\"@id\":\"http:\/\/13.53.185.170\/#website\",\"url\":\"http:\/\/13.53.185.170\/\",\"name\":\"Bantero\",\"description\":\"Objectives &amp; Key Results from theory to implementation\",\"publisher\":{\"@id\":\"http:\/\/13.53.185.170\/#organization\"},\"potentialAction\":[{\"@type\":\"SearchAction\",\"target\":{\"@type\":\"EntryPoint\",\"urlTemplate\":\"http:\/\/13.53.185.170\/?s={search_term_string}\"},\"query-input\":\"required name=search_term_string\"}],\"inLanguage\":\"sv-SE\"},{\"@type\":\"Organization\",\"@id\":\"http:\/\/13.53.185.170\/#organization\",\"name\":\"Bantero AB\",\"url\":\"http:\/\/13.53.185.170\/\",\"logo\":{\"@type\":\"ImageObject\",\"inLanguage\":\"sv-SE\",\"@id\":\"http:\/\/13.53.185.170\/#\/schema\/logo\/image\/\",\"url\":\"http:\/\/ec2-16-171-155-57.eu-north-1.compute.amazonaws.com\/wp-content\/uploads\/2020\/02\/email-bantero.png\",\"contentUrl\":\"http:\/\/ec2-16-171-155-57.eu-north-1.compute.amazonaws.com\/wp-content\/uploads\/2020\/02\/email-bantero.png\",\"width\":192,\"height\":45,\"caption\":\"Bantero AB\"},\"image\":{\"@id\":\"http:\/\/13.53.185.170\/#\/schema\/logo\/image\/\"},\"sameAs\":[\"https:\/\/www.facebook.com\/Bantero-124067070959819\/\",\"https:\/\/twitter.com\/webpal\",\"https:\/\/www.linkedin.com\/company\/3524158\"]}]}<\/script>\n<!-- \/ Yoast SEO plugin. -->","yoast_head_json":{"title":"Introduktion - OKR Bridge","robots":{"index":"index","follow":"follow","max-snippet":"max-snippet:-1","max-image-preview":"max-image-preview:large","max-video-preview":"max-video-preview:-1"},"canonical":"http:\/\/13.53.185.170\/sv\/introduktion\/","og_locale":"sv_SE","og_type":"article","og_title":"Introduktion - OKR Bridge","og_description":"Vad kul att du \u00e4r intresserad av OKR! Oavsett om denna skrift \u00e4r din f\u00f6rsta kontakt med metoden eller om du \u00e4r p\u00e5l\u00e4st och kanske till och med har praktisk erfarenhet s\u00e5 hoppas jag att du ska finnas n\u00e5got av intresse h\u00e4r. Som nyfiken ledare var jag l\u00e4nge p\u00e5 jakt efter en metod f\u00f6r m\u00e5lstyrning [&hellip;]","og_url":"http:\/\/13.53.185.170\/sv\/introduktion\/","og_site_name":"OKR Bridge","article_publisher":"https:\/\/www.facebook.com\/Bantero-124067070959819\/","article_modified_time":"2021-08-21T13:36:41+00:00","og_image":[{"width":744,"height":400,"url":"http:\/\/13.53.185.170\/wp-content\/uploads\/2020\/03\/cover4.jpg","type":"image\/jpeg"}],"twitter_card":"summary_large_image","twitter_site":"@webpal","twitter_misc":{"Est. reading time":"1 minute"},"schema":{"@context":"https:\/\/schema.org","@graph":[{"@type":"WebPage","@id":"http:\/\/13.53.185.170\/sv\/introduktion\/","url":"http:\/\/13.53.185.170\/sv\/introduktion\/","name":"Introduktion - OKR Bridge","isPartOf":{"@id":"http:\/\/13.53.185.170\/#website"},"datePublished":"2021-08-21T13:22:06+00:00","dateModified":"2021-08-21T13:36:41+00:00","breadcrumb":{"@id":"http:\/\/13.53.185.170\/sv\/introduktion\/#breadcrumb"},"inLanguage":"sv-SE","potentialAction":[{"@type":"ReadAction","target":["http:\/\/13.53.185.170\/sv\/introduktion\/"]}]},{"@type":"BreadcrumbList","@id":"http:\/\/13.53.185.170\/sv\/introduktion\/#breadcrumb","itemListElement":[{"@type":"ListItem","position":1,"name":"Home","item":"https:\/\/okrbridge.com\/sv\/"},{"@type":"ListItem","position":2,"name":"Introduktion"}]},{"@type":"WebSite","@id":"http:\/\/13.53.185.170\/#website","url":"http:\/\/13.53.185.170\/","name":"Bantero","description":"Objectives &amp; Key Results from theory to implementation","publisher":{"@id":"http:\/\/13.53.185.170\/#organization"},"potentialAction":[{"@type":"SearchAction","target":{"@type":"EntryPoint","urlTemplate":"http:\/\/13.53.185.170\/?s={search_term_string}"},"query-input":"required name=search_term_string"}],"inLanguage":"sv-SE"},{"@type":"Organization","@id":"http:\/\/13.53.185.170\/#organization","name":"Bantero AB","url":"http:\/\/13.53.185.170\/","logo":{"@type":"ImageObject","inLanguage":"sv-SE","@id":"http:\/\/13.53.185.170\/#\/schema\/logo\/image\/","url":"http:\/\/ec2-16-171-155-57.eu-north-1.compute.amazonaws.com\/wp-content\/uploads\/2020\/02\/email-bantero.png","contentUrl":"http:\/\/ec2-16-171-155-57.eu-north-1.compute.amazonaws.com\/wp-content\/uploads\/2020\/02\/email-bantero.png","width":192,"height":45,"caption":"Bantero AB"},"image":{"@id":"http:\/\/13.53.185.170\/#\/schema\/logo\/image\/"},"sameAs":["https:\/\/www.facebook.com\/Bantero-124067070959819\/","https:\/\/twitter.com\/webpal","https:\/\/www.linkedin.com\/company\/3524158"]}]}},"_links":{"self":[{"href":"http:\/\/13.53.185.170\/sv\/wp-json\/wp\/v2\/pages\/186"}],"collection":[{"href":"http:\/\/13.53.185.170\/sv\/wp-json\/wp\/v2\/pages"}],"about":[{"href":"http:\/\/13.53.185.170\/sv\/wp-json\/wp\/v2\/types\/page"}],"author":[{"embeddable":true,"href":"http:\/\/13.53.185.170\/sv\/wp-json\/wp\/v2\/users\/1"}],"replies":[{"embeddable":true,"href":"http:\/\/13.53.185.170\/sv\/wp-json\/wp\/v2\/comments?post=186"}],"version-history":[{"count":2,"href":"http:\/\/13.53.185.170\/sv\/wp-json\/wp\/v2\/pages\/186\/revisions"}],"predecessor-version":[{"id":189,"href":"http:\/\/13.53.185.170\/sv\/wp-json\/wp\/v2\/pages\/186\/revisions\/189"}],"wp:attachment":[{"href":"http:\/\/13.53.185.170\/sv\/wp-json\/wp\/v2\/media?parent=186"}],"curies":[{"name":"wp","href":"https:\/\/api.w.org\/{rel}","templated":true}]}}