{"id":191,"date":"2021-08-21T14:32:10","date_gmt":"2021-08-21T13:32:10","guid":{"rendered":"https:\/\/ec2-16-171-155-57.eu-north-1.compute.amazonaws.com\/?page_id=191"},"modified":"2021-08-21T14:37:15","modified_gmt":"2021-08-21T13:37:15","slug":"vad-ar-okr-objectives-key-results","status":"publish","type":"page","link":"http:\/\/13.53.185.170\/sv\/vad-ar-okr-objectives-key-results\/","title":{"rendered":"Vad \u00e4r OKR (Objectives &#038; Key Results)?"},"content":{"rendered":"\n<p><strong>En metodik som skapar alignment, engagemang och resultat genom l\u00f6pande arbete med att s\u00e4tta och f\u00f6lja upp p\u00e5 ambiti\u00f6sa (och m\u00e4tbara) m\u00e5l.<\/strong><\/p>\n\n\n\n<p>Sv\u00e5rare \u00e4n s\u00e5 \u00e4r det egentligen inte. Av ramverk, teorier och modeller s\u00e5 \u00e4r OKR nog en av de p\u00e5 ytan enklaste. Det handlar om att ta fram m\u00e5l (objectives), beskriva vilka resultat som ska ha uppn\u00e5tts f\u00f6r att dessa ska vara uppfyllda (key results) och sedan s\u00e4tta en struktur f\u00f6r l\u00f6pande uppf\u00f6ljning och po\u00e4ngs\u00e4ttning av utfallet.<\/p>\n\n\n\n<p>\u00d6versiktligt ska objectives svara p\u00e5 fr\u00e5gan \u2018vart vill vi?\u2019 och tillh\u00f6rande key results \u00e4r m\u00e4tbara resultat som definierar vad som kr\u00e4vs f\u00f6r att komma dit, under premissen att n\u00e4r vi \u00e4r i hamn med alla v\u00e5ra key results s\u00e5 \u00e4r vi framme.&nbsp;<\/p>\n\n\n\n<p>En enkel OKR skulle kunna se ut s\u00e5h\u00e4r p\u00e5 ledningsniv\u00e5 i ett f\u00f6retag,<\/p>\n\n\n\n<p><strong>Objective:<\/strong> Internationell expansion genom etablering i Tyskland under \u00e5ret<\/p>\n\n\n\n<p><strong>Key Result:<\/strong> 20MSEK f\u00f6rs\u00e4ljning p\u00e5 den tyska marknaden<\/p>\n\n\n\n<p><strong>Key Result:<\/strong> 5 nya tyska nyckelkunder med orderv\u00e4rde \u00f6ver 1MSEK vardera<\/p>\n\n\n\n<p>F\u00f6r ett marknadsteam i samma f\u00f6retag skulle en av teamets OKRer kunna se ut s\u00e5h\u00e4r,<\/p>\n\n\n\n<p><strong>Objective<\/strong>: Kraftigt \u00f6kad synlighet p\u00e5 tyska marknaden i Q1<\/p>\n\n\n\n<p><strong>Key Result:<\/strong> 100k organiska visningar av inneh\u00e5ll p\u00e5 XING<\/p>\n\n\n\n<p><strong>Key Result:<\/strong> 200 leads fr\u00e5n m\u00e4ssor i tyskland<\/p>\n\n\n\n<p><strong>Key Result:<\/strong> 20% k\u00e4nner igen varum\u00e4rket vid marknadsunders\u00f6kning i slutet av kvartalet<\/p>\n\n\n\n<p>Vanligtvis har teamet 2-4 objectives med tillh\u00f6rande key results som de arbetar parallellt med under kvartalet.<\/p>\n\n\n\n<p>OKR kan vid en f\u00f6rsta anblick se enkelt och n\u00e4stan sj\u00e4lvklart ut, men som s\u00e5 ofta d\u00f6ljer sig kraften under ytan. N\u00e4r man som team b\u00f6rjar kika djupare p\u00e5 vad ovan inneb\u00e4r leds man snabbt in i diskussioner som man i m\u00e5nga organisationer saknat tidigare. Det kan handla om ett nytt fokus p\u00e5 resultat ist\u00e4llet f\u00f6r aktiviteter, reflektioner kring vilka av organisationens \u00f6vergripande m\u00e5l ett specifikt team st\u00f6ttar och en insikt om hur brist p\u00e5 fokus p\u00e5verkar leveranser.<\/p>\n\n\n\n<p>Resan med OKR b\u00f6rjar ofta h\u00e4r, i en \u00f6kad insikt om vad som \u00e4r viktigt f\u00f6r hela organisationen och hur ens egen roll kopplas till detta. Sedan tar det fart, n\u00e4r prioriteringar b\u00f6rjar g\u00f6ras utifr\u00e5n samma fokus och l\u00f6pande uppf\u00f6ljning mot h\u00f6gt satta (och m\u00e4tbara) m\u00e5l blir en del av kulturen v\u00e4xlar hela organisationen upp i tempo. I det h\u00e4r l\u00e4get \u00e4r OKR skelettet som h\u00e5ller samman fokus och ambitionsniv\u00e5 f\u00f6r helheten och ser till att alla springer i samma riktning.<\/p>\n\n\n\n<p>Som ledare hj\u00e4lper OKRer dig att omvandla strategi och mission till handling samtidigt som du f\u00e5r ett verktyg att l\u00f6pande f\u00f6lja upp resultat med. Som medarbetare f\u00e5r du vara med och forma dina m\u00e5l samtidigt som fokus och f\u00f6rv\u00e4ntan p\u00e5 din roll f\u00f6rtydligas.F\u00f6r organisationen betyder det \u00f6kat tempo och b\u00e4ttre anv\u00e4ndande av resurser. F\u00f6r teamet skapar det engagemang, mening och minskar stress kopplat till oklara f\u00f6rv\u00e4ntningar. I detta har modellen \u00e4ven starkt vetenskapligt st\u00f6d, tydliga m\u00e5l \u00e4r ett av de mest utforskade omr\u00e5dena inom managementteori d\u00e4r man g\u00e5ng p\u00e5 g\u00e5ng kunnat p\u00e5visa en stark koppling till prestation (<a href=\"https:\/\/www.economist.com\/business\/2015\/03\/05\/the-quantified-serf\">k\u00e4lla<\/a>).<\/p>\n","protected":false},"excerpt":{"rendered":"<p>En metodik som skapar alignment, engagemang och resultat genom l\u00f6pande arbete med att s\u00e4tta och f\u00f6lja upp p\u00e5 ambiti\u00f6sa (och m\u00e4tbara) m\u00e5l. Sv\u00e5rare \u00e4n s\u00e5 \u00e4r det egentligen inte. Av ramverk, teorier och modeller s\u00e5 \u00e4r OKR nog en av de p\u00e5 ytan enklaste. Det handlar om att ta fram m\u00e5l (objectives), beskriva vilka resultat [&hellip;]<\/p>\n","protected":false},"author":1,"featured_media":0,"parent":0,"menu_order":2,"comment_status":"closed","ping_status":"closed","template":"templates\/page-okr.php","meta":{"footnotes":""},"yoast_head":"<!-- This site is optimized with the Yoast SEO plugin v21.1 - https:\/\/yoast.com\/wordpress\/plugins\/seo\/ -->\n<title>Vad \u00e4r OKR (Objectives &amp; Key Results)? - OKR Bridge<\/title>\n<meta name=\"robots\" content=\"index, follow, max-snippet:-1, max-image-preview:large, max-video-preview:-1\" \/>\n<link rel=\"canonical\" href=\"https:\/\/okrbridge.com\/sv\/vad-ar-okr-objectives-key-results\/\" \/>\n<meta property=\"og:locale\" content=\"sv_SE\" \/>\n<meta property=\"og:type\" content=\"article\" \/>\n<meta property=\"og:title\" content=\"Vad \u00e4r OKR (Objectives &amp; Key Results)? - OKR Bridge\" \/>\n<meta property=\"og:description\" content=\"En metodik som skapar alignment, engagemang och resultat genom l\u00f6pande arbete med att s\u00e4tta och f\u00f6lja upp p\u00e5 ambiti\u00f6sa (och m\u00e4tbara) m\u00e5l. Sv\u00e5rare \u00e4n s\u00e5 \u00e4r det egentligen inte. Av ramverk, teorier och modeller s\u00e5 \u00e4r OKR nog en av de p\u00e5 ytan enklaste. Det handlar om att ta fram m\u00e5l (objectives), beskriva vilka resultat [&hellip;]\" \/>\n<meta property=\"og:url\" content=\"https:\/\/okrbridge.com\/sv\/vad-ar-okr-objectives-key-results\/\" \/>\n<meta property=\"og:site_name\" content=\"OKR Bridge\" \/>\n<meta property=\"article:publisher\" content=\"https:\/\/www.facebook.com\/Bantero-124067070959819\/\" \/>\n<meta property=\"article:modified_time\" content=\"2021-08-21T13:37:15+00:00\" \/>\n<meta property=\"og:image\" content=\"http:\/\/13.53.185.170\/wp-content\/uploads\/2020\/03\/cover4.jpg\" \/>\n\t<meta property=\"og:image:width\" content=\"744\" \/>\n\t<meta property=\"og:image:height\" content=\"400\" \/>\n\t<meta property=\"og:image:type\" content=\"image\/jpeg\" \/>\n<meta name=\"twitter:card\" content=\"summary_large_image\" \/>\n<meta name=\"twitter:site\" content=\"@webpal\" \/>\n<meta name=\"twitter:label1\" content=\"Est. reading time\" \/>\n\t<meta name=\"twitter:data1\" content=\"3 minutes\" \/>\n<script type=\"application\/ld+json\" class=\"yoast-schema-graph\">{\"@context\":\"https:\/\/schema.org\",\"@graph\":[{\"@type\":\"WebPage\",\"@id\":\"https:\/\/okrbridge.com\/sv\/vad-ar-okr-objectives-key-results\/\",\"url\":\"https:\/\/okrbridge.com\/sv\/vad-ar-okr-objectives-key-results\/\",\"name\":\"Vad \u00e4r OKR (Objectives & Key Results)? - OKR Bridge\",\"isPartOf\":{\"@id\":\"http:\/\/13.53.185.170\/#website\"},\"datePublished\":\"2021-08-21T13:32:10+00:00\",\"dateModified\":\"2021-08-21T13:37:15+00:00\",\"breadcrumb\":{\"@id\":\"https:\/\/okrbridge.com\/sv\/vad-ar-okr-objectives-key-results\/#breadcrumb\"},\"inLanguage\":\"sv-SE\",\"potentialAction\":[{\"@type\":\"ReadAction\",\"target\":[\"https:\/\/okrbridge.com\/sv\/vad-ar-okr-objectives-key-results\/\"]}]},{\"@type\":\"BreadcrumbList\",\"@id\":\"https:\/\/okrbridge.com\/sv\/vad-ar-okr-objectives-key-results\/#breadcrumb\",\"itemListElement\":[{\"@type\":\"ListItem\",\"position\":1,\"name\":\"Home\",\"item\":\"https:\/\/okrbridge.com\/sv\/\"},{\"@type\":\"ListItem\",\"position\":2,\"name\":\"Vad \u00e4r OKR (Objectives &#038; Key Results)?\"}]},{\"@type\":\"WebSite\",\"@id\":\"http:\/\/13.53.185.170\/#website\",\"url\":\"http:\/\/13.53.185.170\/\",\"name\":\"Bantero\",\"description\":\"Objectives &amp; Key Results from theory to implementation\",\"publisher\":{\"@id\":\"http:\/\/13.53.185.170\/#organization\"},\"potentialAction\":[{\"@type\":\"SearchAction\",\"target\":{\"@type\":\"EntryPoint\",\"urlTemplate\":\"http:\/\/13.53.185.170\/?s={search_term_string}\"},\"query-input\":\"required name=search_term_string\"}],\"inLanguage\":\"sv-SE\"},{\"@type\":\"Organization\",\"@id\":\"http:\/\/13.53.185.170\/#organization\",\"name\":\"Bantero AB\",\"url\":\"http:\/\/13.53.185.170\/\",\"logo\":{\"@type\":\"ImageObject\",\"inLanguage\":\"sv-SE\",\"@id\":\"http:\/\/13.53.185.170\/#\/schema\/logo\/image\/\",\"url\":\"http:\/\/ec2-16-171-155-57.eu-north-1.compute.amazonaws.com\/wp-content\/uploads\/2020\/02\/email-bantero.png\",\"contentUrl\":\"http:\/\/ec2-16-171-155-57.eu-north-1.compute.amazonaws.com\/wp-content\/uploads\/2020\/02\/email-bantero.png\",\"width\":192,\"height\":45,\"caption\":\"Bantero AB\"},\"image\":{\"@id\":\"http:\/\/13.53.185.170\/#\/schema\/logo\/image\/\"},\"sameAs\":[\"https:\/\/www.facebook.com\/Bantero-124067070959819\/\",\"https:\/\/twitter.com\/webpal\",\"https:\/\/www.linkedin.com\/company\/3524158\"]}]}<\/script>\n<!-- \/ Yoast SEO plugin. -->","yoast_head_json":{"title":"Vad \u00e4r OKR (Objectives & Key Results)? - OKR Bridge","robots":{"index":"index","follow":"follow","max-snippet":"max-snippet:-1","max-image-preview":"max-image-preview:large","max-video-preview":"max-video-preview:-1"},"canonical":"https:\/\/okrbridge.com\/sv\/vad-ar-okr-objectives-key-results\/","og_locale":"sv_SE","og_type":"article","og_title":"Vad \u00e4r OKR (Objectives & Key Results)? - OKR Bridge","og_description":"En metodik som skapar alignment, engagemang och resultat genom l\u00f6pande arbete med att s\u00e4tta och f\u00f6lja upp p\u00e5 ambiti\u00f6sa (och m\u00e4tbara) m\u00e5l. Sv\u00e5rare \u00e4n s\u00e5 \u00e4r det egentligen inte. Av ramverk, teorier och modeller s\u00e5 \u00e4r OKR nog en av de p\u00e5 ytan enklaste. Det handlar om att ta fram m\u00e5l (objectives), beskriva vilka resultat [&hellip;]","og_url":"https:\/\/okrbridge.com\/sv\/vad-ar-okr-objectives-key-results\/","og_site_name":"OKR Bridge","article_publisher":"https:\/\/www.facebook.com\/Bantero-124067070959819\/","article_modified_time":"2021-08-21T13:37:15+00:00","og_image":[{"width":744,"height":400,"url":"http:\/\/13.53.185.170\/wp-content\/uploads\/2020\/03\/cover4.jpg","type":"image\/jpeg"}],"twitter_card":"summary_large_image","twitter_site":"@webpal","twitter_misc":{"Est. reading time":"3 minutes"},"schema":{"@context":"https:\/\/schema.org","@graph":[{"@type":"WebPage","@id":"https:\/\/okrbridge.com\/sv\/vad-ar-okr-objectives-key-results\/","url":"https:\/\/okrbridge.com\/sv\/vad-ar-okr-objectives-key-results\/","name":"Vad \u00e4r OKR (Objectives & Key Results)? - OKR Bridge","isPartOf":{"@id":"http:\/\/13.53.185.170\/#website"},"datePublished":"2021-08-21T13:32:10+00:00","dateModified":"2021-08-21T13:37:15+00:00","breadcrumb":{"@id":"https:\/\/okrbridge.com\/sv\/vad-ar-okr-objectives-key-results\/#breadcrumb"},"inLanguage":"sv-SE","potentialAction":[{"@type":"ReadAction","target":["https:\/\/okrbridge.com\/sv\/vad-ar-okr-objectives-key-results\/"]}]},{"@type":"BreadcrumbList","@id":"https:\/\/okrbridge.com\/sv\/vad-ar-okr-objectives-key-results\/#breadcrumb","itemListElement":[{"@type":"ListItem","position":1,"name":"Home","item":"https:\/\/okrbridge.com\/sv\/"},{"@type":"ListItem","position":2,"name":"Vad \u00e4r OKR (Objectives &#038; Key Results)?"}]},{"@type":"WebSite","@id":"http:\/\/13.53.185.170\/#website","url":"http:\/\/13.53.185.170\/","name":"Bantero","description":"Objectives &amp; Key Results from theory to implementation","publisher":{"@id":"http:\/\/13.53.185.170\/#organization"},"potentialAction":[{"@type":"SearchAction","target":{"@type":"EntryPoint","urlTemplate":"http:\/\/13.53.185.170\/?s={search_term_string}"},"query-input":"required name=search_term_string"}],"inLanguage":"sv-SE"},{"@type":"Organization","@id":"http:\/\/13.53.185.170\/#organization","name":"Bantero AB","url":"http:\/\/13.53.185.170\/","logo":{"@type":"ImageObject","inLanguage":"sv-SE","@id":"http:\/\/13.53.185.170\/#\/schema\/logo\/image\/","url":"http:\/\/ec2-16-171-155-57.eu-north-1.compute.amazonaws.com\/wp-content\/uploads\/2020\/02\/email-bantero.png","contentUrl":"http:\/\/ec2-16-171-155-57.eu-north-1.compute.amazonaws.com\/wp-content\/uploads\/2020\/02\/email-bantero.png","width":192,"height":45,"caption":"Bantero AB"},"image":{"@id":"http:\/\/13.53.185.170\/#\/schema\/logo\/image\/"},"sameAs":["https:\/\/www.facebook.com\/Bantero-124067070959819\/","https:\/\/twitter.com\/webpal","https:\/\/www.linkedin.com\/company\/3524158"]}]}},"_links":{"self":[{"href":"http:\/\/13.53.185.170\/sv\/wp-json\/wp\/v2\/pages\/191"}],"collection":[{"href":"http:\/\/13.53.185.170\/sv\/wp-json\/wp\/v2\/pages"}],"about":[{"href":"http:\/\/13.53.185.170\/sv\/wp-json\/wp\/v2\/types\/page"}],"author":[{"embeddable":true,"href":"http:\/\/13.53.185.170\/sv\/wp-json\/wp\/v2\/users\/1"}],"replies":[{"embeddable":true,"href":"http:\/\/13.53.185.170\/sv\/wp-json\/wp\/v2\/comments?post=191"}],"version-history":[{"count":1,"href":"http:\/\/13.53.185.170\/sv\/wp-json\/wp\/v2\/pages\/191\/revisions"}],"predecessor-version":[{"id":192,"href":"http:\/\/13.53.185.170\/sv\/wp-json\/wp\/v2\/pages\/191\/revisions\/192"}],"wp:attachment":[{"href":"http:\/\/13.53.185.170\/sv\/wp-json\/wp\/v2\/media?parent=191"}],"curies":[{"name":"wp","href":"https:\/\/api.w.org\/{rel}","templated":true}]}}