{"id":221,"date":"2021-08-21T15:22:45","date_gmt":"2021-08-21T14:22:45","guid":{"rendered":"https:\/\/ec2-16-171-155-57.eu-north-1.compute.amazonaws.com\/?page_id=221"},"modified":"2021-08-21T15:31:51","modified_gmt":"2021-08-21T14:31:51","slug":"om-okrbridge","status":"publish","type":"page","link":"http:\/\/13.53.185.170\/sv\/om-okrbridge\/","title":{"rendered":"Om OKR Bridge"},"content":{"rendered":"\n<p>Denna webbplats \u00e4r f\u00f6r dig som vill l\u00e4ra dig mer om OKR.<\/p>\n\n\n\n<p>N\u00e4r OKR implementeras i en organisation sker det ofta p\u00e5 m\u00e5nga olika niv\u00e5er och olika deltagare har lite olika roller i metoden. OKR Bridge \u00e4r utformad f\u00f6r att inneh\u00e5lla allt du beh\u00f6ver f\u00f6r att kunna vara en aktiv deltagare i en implementation av OKR &#8211; utan att f\u00f6r den delen sj\u00e4lv driva implementationsarbetet.<\/p>\n\n\n\n<p>Om du har ett stort intresse f\u00f6r OKR och kanske planer p\u00e5 att sj\u00e4lv vara drivande i en implementation i din organisation rekommenderar jag boken M\u00e5lstyrning med OKR som inneh\u00e5ller alla verktyg du beh\u00f6ver f\u00f6r att \u00e5stadkomma just detta. Den finns tillg\u00e4nglig p\u00e5 <a href=\"https:\/\/www.adlibris.com\/se\/bok\/malstyrning-med-okr---fran-teori-till-resultat-9789147142231\">AdLibris<\/a> och <a href=\"https:\/\/www.bokus.com\/bok\/9789147142231\/malstyrning-med-okr-fran-teori-till-resultat\/\">Bokus<\/a> d\u00e4r du \u00e4ven kan l\u00e4sa ett smakprov.<\/p>\n\n\n\n<p>Niklas Olsson heter jag som skapat okrbridge. Jag har m\u00e5nga \u00e5rs erfarenhet av att implementera OKR i egna team likv\u00e4l som att i en roll som konsult och coach hj\u00e4lpa andra f\u00f6retag komma ig\u00e5ng med metoden. Jag \u00e4r \u00e4ven f\u00f6rfattare av boken M\u00e5lstyrning med OKR och OKR Bridge anv\u00e4nds med f\u00f6rdel som ett komplement i en implementation d\u00e4r inte alla i organisationen f\u00f6rv\u00e4ntas l\u00e4sa boken.<\/p>\n\n\n\n<p>Har du ett sp\u00e4nnande exempel p\u00e5 en implementation av OKR, fr\u00e5gor om metoden eller s\u00f6ker du n\u00e5gon att diskutera just ditt f\u00f6retags OKR-implementering? H\u00f6r g\u00e4rna av dig till mig p\u00e5 <a href=\"mailto:niklas@bantero.com\">niklas@bantero.com<\/a>.<\/p>\n","protected":false},"excerpt":{"rendered":"<p>Denna webbplats \u00e4r f\u00f6r dig som vill l\u00e4ra dig mer om OKR. N\u00e4r OKR implementeras i en organisation sker det ofta p\u00e5 m\u00e5nga olika niv\u00e5er och olika deltagare har lite olika roller i metoden. OKR Bridge \u00e4r utformad f\u00f6r att inneh\u00e5lla allt du beh\u00f6ver f\u00f6r att kunna vara en aktiv deltagare i en implementation av [&hellip;]<\/p>\n","protected":false},"author":1,"featured_media":0,"parent":0,"menu_order":0,"comment_status":"closed","ping_status":"closed","template":"templates\/regular-page.php","meta":{"footnotes":""},"yoast_head":"<!-- This site is optimized with the Yoast SEO plugin v21.1 - https:\/\/yoast.com\/wordpress\/plugins\/seo\/ -->\n<title>Om OKR Bridge - OKR Bridge<\/title>\n<meta name=\"robots\" content=\"index, follow, max-snippet:-1, max-image-preview:large, max-video-preview:-1\" \/>\n<link rel=\"canonical\" href=\"http:\/\/13.53.185.170\/sv\/om-okrbridge\/\" \/>\n<meta property=\"og:locale\" content=\"sv_SE\" \/>\n<meta property=\"og:type\" content=\"article\" \/>\n<meta property=\"og:title\" content=\"Om OKR Bridge - OKR Bridge\" \/>\n<meta property=\"og:description\" content=\"Denna webbplats \u00e4r f\u00f6r dig som vill l\u00e4ra dig mer om OKR. N\u00e4r OKR implementeras i en organisation sker det ofta p\u00e5 m\u00e5nga olika niv\u00e5er och olika deltagare har lite olika roller i metoden. OKR Bridge \u00e4r utformad f\u00f6r att inneh\u00e5lla allt du beh\u00f6ver f\u00f6r att kunna vara en aktiv deltagare i en implementation av [&hellip;]\" \/>\n<meta property=\"og:url\" content=\"http:\/\/13.53.185.170\/sv\/om-okrbridge\/\" \/>\n<meta property=\"og:site_name\" content=\"OKR Bridge\" \/>\n<meta property=\"article:publisher\" content=\"https:\/\/www.facebook.com\/Bantero-124067070959819\/\" \/>\n<meta property=\"article:modified_time\" content=\"2021-08-21T14:31:51+00:00\" \/>\n<meta property=\"og:image\" content=\"http:\/\/13.53.185.170\/wp-content\/uploads\/2020\/03\/cover4.jpg\" \/>\n\t<meta property=\"og:image:width\" content=\"744\" \/>\n\t<meta property=\"og:image:height\" content=\"400\" \/>\n\t<meta property=\"og:image:type\" content=\"image\/jpeg\" \/>\n<meta name=\"twitter:card\" content=\"summary_large_image\" \/>\n<meta name=\"twitter:site\" content=\"@webpal\" \/>\n<meta name=\"twitter:label1\" content=\"Est. reading time\" \/>\n\t<meta name=\"twitter:data1\" content=\"1 minute\" \/>\n<script type=\"application\/ld+json\" class=\"yoast-schema-graph\">{\"@context\":\"https:\/\/schema.org\",\"@graph\":[{\"@type\":\"WebPage\",\"@id\":\"http:\/\/13.53.185.170\/sv\/om-okrbridge\/\",\"url\":\"http:\/\/13.53.185.170\/sv\/om-okrbridge\/\",\"name\":\"Om OKR Bridge - OKR Bridge\",\"isPartOf\":{\"@id\":\"http:\/\/13.53.185.170\/#website\"},\"datePublished\":\"2021-08-21T14:22:45+00:00\",\"dateModified\":\"2021-08-21T14:31:51+00:00\",\"breadcrumb\":{\"@id\":\"http:\/\/13.53.185.170\/sv\/om-okrbridge\/#breadcrumb\"},\"inLanguage\":\"sv-SE\",\"potentialAction\":[{\"@type\":\"ReadAction\",\"target\":[\"http:\/\/13.53.185.170\/sv\/om-okrbridge\/\"]}]},{\"@type\":\"BreadcrumbList\",\"@id\":\"http:\/\/13.53.185.170\/sv\/om-okrbridge\/#breadcrumb\",\"itemListElement\":[{\"@type\":\"ListItem\",\"position\":1,\"name\":\"Home\",\"item\":\"https:\/\/okrbridge.com\/sv\/\"},{\"@type\":\"ListItem\",\"position\":2,\"name\":\"Om OKR Bridge\"}]},{\"@type\":\"WebSite\",\"@id\":\"http:\/\/13.53.185.170\/#website\",\"url\":\"http:\/\/13.53.185.170\/\",\"name\":\"Bantero\",\"description\":\"Objectives &amp; Key Results from theory to implementation\",\"publisher\":{\"@id\":\"http:\/\/13.53.185.170\/#organization\"},\"potentialAction\":[{\"@type\":\"SearchAction\",\"target\":{\"@type\":\"EntryPoint\",\"urlTemplate\":\"http:\/\/13.53.185.170\/?s={search_term_string}\"},\"query-input\":\"required name=search_term_string\"}],\"inLanguage\":\"sv-SE\"},{\"@type\":\"Organization\",\"@id\":\"http:\/\/13.53.185.170\/#organization\",\"name\":\"Bantero AB\",\"url\":\"http:\/\/13.53.185.170\/\",\"logo\":{\"@type\":\"ImageObject\",\"inLanguage\":\"sv-SE\",\"@id\":\"http:\/\/13.53.185.170\/#\/schema\/logo\/image\/\",\"url\":\"http:\/\/ec2-16-171-155-57.eu-north-1.compute.amazonaws.com\/wp-content\/uploads\/2020\/02\/email-bantero.png\",\"contentUrl\":\"http:\/\/ec2-16-171-155-57.eu-north-1.compute.amazonaws.com\/wp-content\/uploads\/2020\/02\/email-bantero.png\",\"width\":192,\"height\":45,\"caption\":\"Bantero AB\"},\"image\":{\"@id\":\"http:\/\/13.53.185.170\/#\/schema\/logo\/image\/\"},\"sameAs\":[\"https:\/\/www.facebook.com\/Bantero-124067070959819\/\",\"https:\/\/twitter.com\/webpal\",\"https:\/\/www.linkedin.com\/company\/3524158\"]}]}<\/script>\n<!-- \/ Yoast SEO plugin. -->","yoast_head_json":{"title":"Om OKR Bridge - OKR Bridge","robots":{"index":"index","follow":"follow","max-snippet":"max-snippet:-1","max-image-preview":"max-image-preview:large","max-video-preview":"max-video-preview:-1"},"canonical":"http:\/\/13.53.185.170\/sv\/om-okrbridge\/","og_locale":"sv_SE","og_type":"article","og_title":"Om OKR Bridge - OKR Bridge","og_description":"Denna webbplats \u00e4r f\u00f6r dig som vill l\u00e4ra dig mer om OKR. N\u00e4r OKR implementeras i en organisation sker det ofta p\u00e5 m\u00e5nga olika niv\u00e5er och olika deltagare har lite olika roller i metoden. OKR Bridge \u00e4r utformad f\u00f6r att inneh\u00e5lla allt du beh\u00f6ver f\u00f6r att kunna vara en aktiv deltagare i en implementation av [&hellip;]","og_url":"http:\/\/13.53.185.170\/sv\/om-okrbridge\/","og_site_name":"OKR Bridge","article_publisher":"https:\/\/www.facebook.com\/Bantero-124067070959819\/","article_modified_time":"2021-08-21T14:31:51+00:00","og_image":[{"width":744,"height":400,"url":"http:\/\/13.53.185.170\/wp-content\/uploads\/2020\/03\/cover4.jpg","type":"image\/jpeg"}],"twitter_card":"summary_large_image","twitter_site":"@webpal","twitter_misc":{"Est. reading time":"1 minute"},"schema":{"@context":"https:\/\/schema.org","@graph":[{"@type":"WebPage","@id":"http:\/\/13.53.185.170\/sv\/om-okrbridge\/","url":"http:\/\/13.53.185.170\/sv\/om-okrbridge\/","name":"Om OKR Bridge - OKR Bridge","isPartOf":{"@id":"http:\/\/13.53.185.170\/#website"},"datePublished":"2021-08-21T14:22:45+00:00","dateModified":"2021-08-21T14:31:51+00:00","breadcrumb":{"@id":"http:\/\/13.53.185.170\/sv\/om-okrbridge\/#breadcrumb"},"inLanguage":"sv-SE","potentialAction":[{"@type":"ReadAction","target":["http:\/\/13.53.185.170\/sv\/om-okrbridge\/"]}]},{"@type":"BreadcrumbList","@id":"http:\/\/13.53.185.170\/sv\/om-okrbridge\/#breadcrumb","itemListElement":[{"@type":"ListItem","position":1,"name":"Home","item":"https:\/\/okrbridge.com\/sv\/"},{"@type":"ListItem","position":2,"name":"Om OKR Bridge"}]},{"@type":"WebSite","@id":"http:\/\/13.53.185.170\/#website","url":"http:\/\/13.53.185.170\/","name":"Bantero","description":"Objectives &amp; Key Results from theory to implementation","publisher":{"@id":"http:\/\/13.53.185.170\/#organization"},"potentialAction":[{"@type":"SearchAction","target":{"@type":"EntryPoint","urlTemplate":"http:\/\/13.53.185.170\/?s={search_term_string}"},"query-input":"required name=search_term_string"}],"inLanguage":"sv-SE"},{"@type":"Organization","@id":"http:\/\/13.53.185.170\/#organization","name":"Bantero AB","url":"http:\/\/13.53.185.170\/","logo":{"@type":"ImageObject","inLanguage":"sv-SE","@id":"http:\/\/13.53.185.170\/#\/schema\/logo\/image\/","url":"http:\/\/ec2-16-171-155-57.eu-north-1.compute.amazonaws.com\/wp-content\/uploads\/2020\/02\/email-bantero.png","contentUrl":"http:\/\/ec2-16-171-155-57.eu-north-1.compute.amazonaws.com\/wp-content\/uploads\/2020\/02\/email-bantero.png","width":192,"height":45,"caption":"Bantero AB"},"image":{"@id":"http:\/\/13.53.185.170\/#\/schema\/logo\/image\/"},"sameAs":["https:\/\/www.facebook.com\/Bantero-124067070959819\/","https:\/\/twitter.com\/webpal","https:\/\/www.linkedin.com\/company\/3524158"]}]}},"_links":{"self":[{"href":"http:\/\/13.53.185.170\/sv\/wp-json\/wp\/v2\/pages\/221"}],"collection":[{"href":"http:\/\/13.53.185.170\/sv\/wp-json\/wp\/v2\/pages"}],"about":[{"href":"http:\/\/13.53.185.170\/sv\/wp-json\/wp\/v2\/types\/page"}],"author":[{"embeddable":true,"href":"http:\/\/13.53.185.170\/sv\/wp-json\/wp\/v2\/users\/1"}],"replies":[{"embeddable":true,"href":"http:\/\/13.53.185.170\/sv\/wp-json\/wp\/v2\/comments?post=221"}],"version-history":[{"count":5,"href":"http:\/\/13.53.185.170\/sv\/wp-json\/wp\/v2\/pages\/221\/revisions"}],"predecessor-version":[{"id":230,"href":"http:\/\/13.53.185.170\/sv\/wp-json\/wp\/v2\/pages\/221\/revisions\/230"}],"wp:attachment":[{"href":"http:\/\/13.53.185.170\/sv\/wp-json\/wp\/v2\/media?parent=221"}],"curies":[{"name":"wp","href":"https:\/\/api.w.org\/{rel}","templated":true}]}}